{"id":55,"date":"2016-06-13T15:48:45","date_gmt":"2016-06-13T15:48:45","guid":{"rendered":"http:\/\/sw-themes.com\/porto_dummy\/?page_id=55"},"modified":"2025-06-23T03:27:05","modified_gmt":"2025-06-23T03:27:05","slug":"sobre-el-cisne-s-a","status":"publish","type":"page","link":"https:\/\/elcisnepty.com\/site\/sobre-el-cisne-s-a\/","title":{"rendered":"Sobre El Cisne S.A."},"content":{"rendered":"<div class=\"wpb-content-wrapper\"><p>[vc_row wrap_container=\u00bbyes\u00bb css=\u00bb.vc_custom_1519804692056{padding-top: 30px !important;padding-bottom: 30px !important;}\u00bb][vc_column width=\u00bb1\/2&#8243;]<div class=\"porto-u-heading  wpb_custom_95aa9a11c17ad45cfabaf210d84ee7cc porto-u-ad87e2eaf3f9c495180fe0156ddf3eb0 \"><div class=\"porto-u-main-heading\"><h2   style=\"font-weight:700;color:#21293c;font-size:19px;\">SOBRE EL CISNE S.A.<\/h2><\/div><style>.porto-u-ad87e2eaf3f9c495180fe0156ddf3eb0.porto-u-heading{text-align:left}<\/style><\/div>[vc_column_text css=\u00bb\u00bb]<\/p>\n<h3 style=\"color: #21293c; font-size: 18px; line-height: 27px; font-weight: 400;\">Fundada por una pareja de inmigrantes griegos, hemos evolucionado hasta posicionarnos como l\u00edderes en la industria del empaque, brindando soluciones integrales que atienden a una amplia variedad de sectores. En El Cisne, la calidad, el servicio y la satisfacci\u00f3n de nuestros clientes son los pilares que nos definen. Nos sentimos orgullosos de nuestro legado; por eso, seguimos evolucionando. Nos mueve el legado, pero a\u00fan m\u00e1s el futuro, escuchando a nuestros clientes para crear soluciones innovadoras dise\u00f1adas para satisfacer sus necesidades. Hoy somos m\u00e1s que un fabricante o distribuidor: somos su aliado integral en soluciones de empaque, papel especializado y productos desechables.<\/h3>\n<p>[\/vc_column_text][\/vc_column][vc_column width=\u00bb1\/2&#8243;][vc_images_carousel images=\u00bb5118,5119,5120&#8243; img_size=\u00bbfull\u00bb][\/vc_column][\/vc_row][vc_row wrap_container=\u00bbyes\u00bb css=\u00bb.vc_custom_1519805538811{padding-top: 50px !important;padding-bottom: 40px !important;background-color: #f4f4f4 !important;}\u00bb][vc_column width=\u00bb1\/2&#8243;]<div class=\"porto-sicon-box  wpb_custom_78a34f252d6e6cc8e52f42267c00db12 style_1 top-icon\"><div class=\"porto-sicon-top\"><div class=\"porto-just-icon-wrapper porto-icon none\" style=\"color:#0088cc;font-size:55px;\"><i class=\"porto-icon-us-dollar\"><\/i><\/div><\/div><div class=\"porto-sicon-header\"><h3 class=\"porto-sicon-title\" style=\"font-weight:600;font-size:18px;color:#21293c;line-height:20px;\">VISI\u00d3N<\/h3><\/div> <!-- header --><div class=\"porto-sicon-description\" style=\"font-size:15px;line-height:27px;\">\n<blockquote>\n<p>Ser la empresa de excelencia en soluciones integrales de empaque ypapeler\u00eda, reconocida por ofrecer calidad, innovaci\u00f3n y servicio enfocadoen la satisfacci\u00f3n de nuestros clientes.<\/p>\n<\/blockquote>\n<p><\/div> <!-- description --><\/div><!-- porto-sicon-box -->[\/vc_column][vc_column width=\u00bb1\/2&#8243;]<div class=\"porto-sicon-box  wpb_custom_78a34f252d6e6cc8e52f42267c00db12 style_1 top-icon\"><div class=\"porto-sicon-top\"><div class=\"porto-just-icon-wrapper porto-icon none\" style=\"color:#0088cc;font-size:55px;\"><i class=\"porto-icon-us-dollar\"><\/i><\/div><\/div><div class=\"porto-sicon-header\"><h3 class=\"porto-sicon-title\" style=\"font-weight:600;font-size:18px;color:#21293c;line-height:20px;\">MISI\u00d3N<\/h3><\/div> <!-- header --><div class=\"porto-sicon-description\" style=\"font-size:15px;line-height:27px;\">Ser el aliado estrat\u00e9gico de nuestros clientes, brind\u00e1ndoles una plataforma integral de empaques de alta calidad, respaldada por un servicio excepcional y una evoluci\u00f3n constante.<\/div> <!-- description --><\/div><!-- porto-sicon-box -->[\/vc_column][\/vc_row]<\/p>\n<\/div>","protected":false},"excerpt":{"rendered":"<p>[vc_row wrap_container=\u00bbyes\u00bb css=\u00bb.vc_custom_1519804692056{padding-top: 30px !important;padding-bottom: 30px !important;}\u00bb][vc_column width=\u00bb1\/2&#8243;][vc_column_text css=\u00bb\u00bb] Fundada por una pareja de inmigrantes griegos, hemos evolucionado hasta posicionarnos como l\u00edderes en la industria del empaque, brindando soluciones integrales que atienden a una amplia variedad de sectores. En El Cisne, la calidad, el servicio y la satisfacci\u00f3n de nuestros clientes son los pilares que [&hellip;]<\/p>\n","protected":false},"author":1,"featured_media":0,"parent":0,"menu_order":0,"comment_status":"closed","ping_status":"closed","template":"","meta":{"footnotes":""},"class_list":["post-55","page","type-page","status-publish","hentry"],"aioseo_notices":[],"_links":{"self":[{"href":"https:\/\/elcisnepty.com\/site\/wp-json\/wp\/v2\/pages\/55","targetHints":{"allow":["GET"]}}],"collection":[{"href":"https:\/\/elcisnepty.com\/site\/wp-json\/wp\/v2\/pages"}],"about":[{"href":"https:\/\/elcisnepty.com\/site\/wp-json\/wp\/v2\/types\/page"}],"author":[{"embeddable":true,"href":"https:\/\/elcisnepty.com\/site\/wp-json\/wp\/v2\/users\/1"}],"replies":[{"embeddable":true,"href":"https:\/\/elcisnepty.com\/site\/wp-json\/wp\/v2\/comments?post=55"}],"version-history":[{"count":8,"href":"https:\/\/elcisnepty.com\/site\/wp-json\/wp\/v2\/pages\/55\/revisions"}],"predecessor-version":[{"id":5144,"href":"https:\/\/elcisnepty.com\/site\/wp-json\/wp\/v2\/pages\/55\/revisions\/5144"}],"wp:attachment":[{"href":"https:\/\/elcisnepty.com\/site\/wp-json\/wp\/v2\/media?parent=55"}],"curies":[{"name":"wp","href":"https:\/\/api.w.org\/{rel}","templated":true}]}}